{"id":8,"date":"2016-11-23T00:34:53","date_gmt":"2016-11-23T00:34:53","guid":{"rendered":"https:\/\/oceanwp.org\/stylish\/?page_id=8"},"modified":"2025-09-25T10:25:24","modified_gmt":"2025-09-25T08:25:24","slug":"home","status":"publish","type":"page","link":"https:\/\/abl.bzh\/","title":{"rendered":"Home"},"content":{"rendered":"\t\t<div data-elementor-type=\"wp-page\" data-elementor-id=\"8\" class=\"elementor elementor-8\">\n\t\t\t\t\t\t<section class=\"elementor-section elementor-top-section elementor-element elementor-element-6tvy454 elementor-section-height-min-height elementor-section-boxed elementor-section-height-default elementor-section-items-middle\" data-id=\"6tvy454\" data-element_type=\"section\" data-e-type=\"section\" data-settings=\"{&quot;background_background&quot;:&quot;classic&quot;}\">\n\t\t\t\t\t\t\t<div class=\"elementor-background-overlay\"><\/div>\n\t\t\t\t\t\t\t<div class=\"elementor-container elementor-column-gap-default\">\n\t\t\t\t\t<div class=\"elementor-column elementor-col-100 elementor-top-column elementor-element elementor-element-sk8ylc5\" data-id=\"sk8ylc5\" data-element_type=\"column\" data-e-type=\"column\">\n\t\t\t<div class=\"elementor-widget-wrap elementor-element-populated\">\n\t\t\t\t\t\t<div class=\"elementor-element elementor-element-8mmzn2w elementor-widget elementor-widget-heading\" data-id=\"8mmzn2w\" data-element_type=\"widget\" data-e-type=\"widget\" data-widget_type=\"heading.default\">\n\t\t\t\t<div class=\"elementor-widget-container\">\n\t\t\t\t\t<h2 class=\"elementor-heading-title elementor-size-default\">Atelier Barr\u00e9-Laurent<br>Architecture et Paysage<\/h2>\t\t\t\t<\/div>\n\t\t\t\t<\/div>\n\t\t\t\t<div class=\"elementor-element elementor-element-kulr3ye elementor-widget elementor-widget-text-editor\" data-id=\"kulr3ye\" data-element_type=\"widget\" data-e-type=\"widget\" data-widget_type=\"text-editor.default\">\n\t\t\t\t<div class=\"elementor-widget-container\">\n\t\t\t\t\t\t\t\t\t<h2><span style=\"color: #ffffff;\">Conception de projets \u00e0 votre image dans l&rsquo;Ouest<\/span><\/h2>\t\t\t\t\t\t\t\t<\/div>\n\t\t\t\t<\/div>\n\t\t\t\t<div class=\"elementor-element elementor-element-vw83nta elementor-widget-divider--view-line elementor-widget elementor-widget-divider\" data-id=\"vw83nta\" data-element_type=\"widget\" data-e-type=\"widget\" data-widget_type=\"divider.default\">\n\t\t\t\t<div class=\"elementor-widget-container\">\n\t\t\t\t\t\t\t<div class=\"elementor-divider\">\n\t\t\t<span class=\"elementor-divider-separator\">\n\t\t\t\t\t\t<\/span>\n\t\t<\/div>\n\t\t\t\t\t\t<\/div>\n\t\t\t\t<\/div>\n\t\t\t\t\t<\/div>\n\t\t<\/div>\n\t\t\t\t\t<\/div>\n\t\t<\/section>\n\t\t\t\t<section class=\"elementor-section elementor-top-section elementor-element elementor-element-plhq52n elementor-section-boxed elementor-section-height-default elementor-section-height-default\" data-id=\"plhq52n\" data-element_type=\"section\" data-e-type=\"section\">\n\t\t\t\t\t\t<div class=\"elementor-container elementor-column-gap-default\">\n\t\t\t\t\t<div class=\"elementor-column elementor-col-100 elementor-top-column elementor-element elementor-element-1xz8pfq\" data-id=\"1xz8pfq\" data-element_type=\"column\" data-e-type=\"column\">\n\t\t\t<div class=\"elementor-widget-wrap elementor-element-populated\">\n\t\t\t\t\t\t<div class=\"elementor-element elementor-element-78o06sh elementor-widget elementor-widget-heading\" data-id=\"78o06sh\" data-element_type=\"widget\" data-e-type=\"widget\" data-widget_type=\"heading.default\">\n\t\t\t\t<div class=\"elementor-widget-container\">\n\t\t\t\t\t<h2 class=\"elementor-heading-title elementor-size-default\">Galerie de projets*<\/h2>\t\t\t\t<\/div>\n\t\t\t\t<\/div>\n\t\t\t\t<div class=\"elementor-element elementor-element-kmakwrn elementor-widget-divider--view-line elementor-widget elementor-widget-divider\" data-id=\"kmakwrn\" data-element_type=\"widget\" data-e-type=\"widget\" data-widget_type=\"divider.default\">\n\t\t\t\t<div class=\"elementor-widget-container\">\n\t\t\t\t\t\t\t<div class=\"elementor-divider\">\n\t\t\t<span class=\"elementor-divider-separator\">\n\t\t\t\t\t\t<\/span>\n\t\t<\/div>\n\t\t\t\t\t\t<\/div>\n\t\t\t\t<\/div>\n\t\t\t\t<div class=\"elementor-element elementor-element-yjfynex gallery-spacing-custom elementor-widget elementor-widget-image-gallery\" data-id=\"yjfynex\" data-element_type=\"widget\" data-e-type=\"widget\" data-widget_type=\"image-gallery.default\">\n\t\t\t\t<div class=\"elementor-widget-container\">\n\t\t\t\t\t\t\t<div class=\"elementor-image-gallery\">\n\t\t\t<div id='gallery-1' class='gallery galleryid-8 gallery-columns-3 gallery-size-ocean_insta_square'><figure class='gallery-item'>\n\t\t\t<div class='gallery-icon landscape'>\n\t\t\t\t<a data-elementor-open-lightbox=\"yes\" data-elementor-lightbox-slideshow=\"yjfynex\" data-elementor-lightbox-title=\"OLYMPUS DIGITAL CAMERA\" data-e-action-hash=\"#elementor-action%3Aaction%3Dlightbox%26settings%3DeyJpZCI6MjEwLCJ1cmwiOiJodHRwOlwvXC9hYmwuYnpoXC93cC1jb250ZW50XC91cGxvYWRzXC8yMDIxXC8xMVwvUDQyMTAxNjIuanBnIiwic2xpZGVzaG93IjoieWpmeW5leCJ9\" href='http:\/\/abl.bzh\/wp-content\/uploads\/2021\/11\/P4210162.jpg'><img fetchpriority=\"high\" decoding=\"async\" width=\"1600\" height=\"1200\" src=\"http:\/\/abl.bzh\/wp-content\/uploads\/2021\/11\/P4210162.jpg\" class=\"attachment-ocean_insta_square size-ocean_insta_square\" alt=\"\" srcset=\"http:\/\/abl.bzh\/wp-content\/uploads\/2021\/11\/P4210162.jpg 1600w, http:\/\/abl.bzh\/wp-content\/uploads\/2021\/11\/P4210162-300x225.jpg 300w, http:\/\/abl.bzh\/wp-content\/uploads\/2021\/11\/P4210162-1024x768.jpg 1024w, http:\/\/abl.bzh\/wp-content\/uploads\/2021\/11\/P4210162-768x576.jpg 768w, http:\/\/abl.bzh\/wp-content\/uploads\/2021\/11\/P4210162-1536x1152.jpg 1536w\" sizes=\"(max-width: 1600px) 100vw, 1600px\" \/><\/a>\n\t\t\t<\/div><\/figure><figure class='gallery-item'>\n\t\t\t<div class='gallery-icon landscape'>\n\t\t\t\t<a data-elementor-open-lightbox=\"yes\" data-elementor-lightbox-slideshow=\"yjfynex\" data-elementor-lightbox-title=\"OLYMPUS DIGITAL CAMERA\" data-e-action-hash=\"#elementor-action%3Aaction%3Dlightbox%26settings%3DeyJpZCI6MjIyLCJ1cmwiOiJodHRwOlwvXC9hYmwuYnpoXC93cC1jb250ZW50XC91cGxvYWRzXC8yMDIxXC8xMVwvUDEyMTAzNTEuanBnIiwic2xpZGVzaG93IjoieWpmeW5leCJ9\" href='http:\/\/abl.bzh\/wp-content\/uploads\/2021\/11\/P1210351.jpg'><img decoding=\"async\" width=\"1600\" height=\"1200\" src=\"http:\/\/abl.bzh\/wp-content\/uploads\/2021\/11\/P1210351.jpg\" class=\"attachment-ocean_insta_square size-ocean_insta_square\" alt=\"\" srcset=\"http:\/\/abl.bzh\/wp-content\/uploads\/2021\/11\/P1210351.jpg 1600w, http:\/\/abl.bzh\/wp-content\/uploads\/2021\/11\/P1210351-300x225.jpg 300w, http:\/\/abl.bzh\/wp-content\/uploads\/2021\/11\/P1210351-1024x768.jpg 1024w, http:\/\/abl.bzh\/wp-content\/uploads\/2021\/11\/P1210351-768x576.jpg 768w, http:\/\/abl.bzh\/wp-content\/uploads\/2021\/11\/P1210351-1536x1152.jpg 1536w\" sizes=\"(max-width: 1600px) 100vw, 1600px\" \/><\/a>\n\t\t\t<\/div><\/figure><figure class='gallery-item'>\n\t\t\t<div class='gallery-icon landscape'>\n\t\t\t\t<a data-elementor-open-lightbox=\"yes\" data-elementor-lightbox-slideshow=\"yjfynex\" data-elementor-lightbox-title=\"OLYMPUS DIGITAL CAMERA\" data-e-action-hash=\"#elementor-action%3Aaction%3Dlightbox%26settings%3DeyJpZCI6MjEyLCJ1cmwiOiJodHRwOlwvXC9hYmwuYnpoXC93cC1jb250ZW50XC91cGxvYWRzXC8yMDIxXC8xMVwvUDUwNjA3NDQtc2NhbGVkLmpwZyIsInNsaWRlc2hvdyI6InlqZnluZXgifQ%3D%3D\" href='http:\/\/abl.bzh\/wp-content\/uploads\/2021\/11\/P5060744-scaled.jpg'><img decoding=\"async\" width=\"2560\" height=\"1920\" src=\"http:\/\/abl.bzh\/wp-content\/uploads\/2021\/11\/P5060744-scaled.jpg\" class=\"attachment-ocean_insta_square size-ocean_insta_square\" alt=\"\" srcset=\"http:\/\/abl.bzh\/wp-content\/uploads\/2021\/11\/P5060744-scaled.jpg 2560w, http:\/\/abl.bzh\/wp-content\/uploads\/2021\/11\/P5060744-300x225.jpg 300w, http:\/\/abl.bzh\/wp-content\/uploads\/2021\/11\/P5060744-1024x768.jpg 1024w, http:\/\/abl.bzh\/wp-content\/uploads\/2021\/11\/P5060744-768x576.jpg 768w, http:\/\/abl.bzh\/wp-content\/uploads\/2021\/11\/P5060744-1536x1152.jpg 1536w, http:\/\/abl.bzh\/wp-content\/uploads\/2021\/11\/P5060744-2048x1536.jpg 2048w\" sizes=\"(max-width: 2560px) 100vw, 2560px\" \/><\/a>\n\t\t\t<\/div><\/figure><figure class='gallery-item'>\n\t\t\t<div class='gallery-icon landscape'>\n\t\t\t\t<a data-elementor-open-lightbox=\"yes\" data-elementor-lightbox-slideshow=\"yjfynex\" data-elementor-lightbox-title=\"projet nouvoitou\" data-e-action-hash=\"#elementor-action%3Aaction%3Dlightbox%26settings%3DeyJpZCI6MjEzLCJ1cmwiOiJodHRwOlwvXC9hYmwuYnpoXC93cC1jb250ZW50XC91cGxvYWRzXC8yMDIxXC8xMVwvcHJvamV0LW5vdXZvaXRvdS5qcGciLCJzbGlkZXNob3ciOiJ5amZ5bmV4In0%3D\" href='http:\/\/abl.bzh\/wp-content\/uploads\/2021\/11\/projet-nouvoitou.jpg'><img loading=\"lazy\" decoding=\"async\" width=\"1920\" height=\"1080\" src=\"http:\/\/abl.bzh\/wp-content\/uploads\/2021\/11\/projet-nouvoitou.jpg\" class=\"attachment-ocean_insta_square size-ocean_insta_square\" alt=\"\" srcset=\"http:\/\/abl.bzh\/wp-content\/uploads\/2021\/11\/projet-nouvoitou.jpg 1920w, http:\/\/abl.bzh\/wp-content\/uploads\/2021\/11\/projet-nouvoitou-300x169.jpg 300w, http:\/\/abl.bzh\/wp-content\/uploads\/2021\/11\/projet-nouvoitou-1024x576.jpg 1024w, http:\/\/abl.bzh\/wp-content\/uploads\/2021\/11\/projet-nouvoitou-768x432.jpg 768w, http:\/\/abl.bzh\/wp-content\/uploads\/2021\/11\/projet-nouvoitou-1536x864.jpg 1536w\" sizes=\"(max-width: 1920px) 100vw, 1920px\" \/><\/a>\n\t\t\t<\/div><\/figure><figure class='gallery-item'>\n\t\t\t<div class='gallery-icon landscape'>\n\t\t\t\t<a data-elementor-open-lightbox=\"yes\" data-elementor-lightbox-slideshow=\"yjfynex\" data-elementor-lightbox-title=\"vue projet chatelaudren\" data-e-action-hash=\"#elementor-action%3Aaction%3Dlightbox%26settings%3DeyJpZCI6MjE0LCJ1cmwiOiJodHRwOlwvXC9hYmwuYnpoXC93cC1jb250ZW50XC91cGxvYWRzXC8yMDIxXC8xMVwvdnVlLXByb2pldC1jaGF0ZWxhdWRyZW4uanBnIiwic2xpZGVzaG93IjoieWpmeW5leCJ9\" href='http:\/\/abl.bzh\/wp-content\/uploads\/2021\/11\/vue-projet-chatelaudren.jpg'><img loading=\"lazy\" decoding=\"async\" width=\"1920\" height=\"1080\" src=\"http:\/\/abl.bzh\/wp-content\/uploads\/2021\/11\/vue-projet-chatelaudren.jpg\" class=\"attachment-ocean_insta_square size-ocean_insta_square\" alt=\"\" srcset=\"http:\/\/abl.bzh\/wp-content\/uploads\/2021\/11\/vue-projet-chatelaudren.jpg 1920w, http:\/\/abl.bzh\/wp-content\/uploads\/2021\/11\/vue-projet-chatelaudren-300x169.jpg 300w, http:\/\/abl.bzh\/wp-content\/uploads\/2021\/11\/vue-projet-chatelaudren-1024x576.jpg 1024w, http:\/\/abl.bzh\/wp-content\/uploads\/2021\/11\/vue-projet-chatelaudren-768x432.jpg 768w, http:\/\/abl.bzh\/wp-content\/uploads\/2021\/11\/vue-projet-chatelaudren-1536x864.jpg 1536w\" sizes=\"(max-width: 1920px) 100vw, 1920px\" \/><\/a>\n\t\t\t<\/div><\/figure><figure class='gallery-item'>\n\t\t\t<div class='gallery-icon landscape'>\n\t\t\t\t<a data-elementor-open-lightbox=\"yes\" data-elementor-lightbox-slideshow=\"yjfynex\" data-elementor-lightbox-title=\"vue 1\" data-e-action-hash=\"#elementor-action%3Aaction%3Dlightbox%26settings%3DeyJpZCI6MjE4LCJ1cmwiOiJodHRwOlwvXC9hYmwuYnpoXC93cC1jb250ZW50XC91cGxvYWRzXC8yMDIxXC8xMVwvdnVlLTEuanBnIiwic2xpZGVzaG93IjoieWpmeW5leCJ9\" href='http:\/\/abl.bzh\/wp-content\/uploads\/2021\/11\/vue-1.jpg'><img loading=\"lazy\" decoding=\"async\" width=\"1920\" height=\"1080\" src=\"http:\/\/abl.bzh\/wp-content\/uploads\/2021\/11\/vue-1.jpg\" class=\"attachment-ocean_insta_square size-ocean_insta_square\" alt=\"\" srcset=\"http:\/\/abl.bzh\/wp-content\/uploads\/2021\/11\/vue-1.jpg 1920w, http:\/\/abl.bzh\/wp-content\/uploads\/2021\/11\/vue-1-300x169.jpg 300w, http:\/\/abl.bzh\/wp-content\/uploads\/2021\/11\/vue-1-1024x576.jpg 1024w, http:\/\/abl.bzh\/wp-content\/uploads\/2021\/11\/vue-1-768x432.jpg 768w, http:\/\/abl.bzh\/wp-content\/uploads\/2021\/11\/vue-1-1536x864.jpg 1536w\" sizes=\"(max-width: 1920px) 100vw, 1920px\" \/><\/a>\n\t\t\t<\/div><\/figure><figure class='gallery-item'>\n\t\t\t<div class='gallery-icon landscape'>\n\t\t\t\t<a data-elementor-open-lightbox=\"yes\" data-elementor-lightbox-slideshow=\"yjfynex\" data-elementor-lightbox-title=\"vue 4\" data-e-action-hash=\"#elementor-action%3Aaction%3Dlightbox%26settings%3DeyJpZCI6MjE5LCJ1cmwiOiJodHRwOlwvXC9hYmwuYnpoXC93cC1jb250ZW50XC91cGxvYWRzXC8yMDIxXC8xMVwvdnVlLTQuanBnIiwic2xpZGVzaG93IjoieWpmeW5leCJ9\" href='http:\/\/abl.bzh\/wp-content\/uploads\/2021\/11\/vue-4.jpg'><img loading=\"lazy\" decoding=\"async\" width=\"1920\" height=\"1080\" src=\"http:\/\/abl.bzh\/wp-content\/uploads\/2021\/11\/vue-4.jpg\" class=\"attachment-ocean_insta_square size-ocean_insta_square\" alt=\"\" srcset=\"http:\/\/abl.bzh\/wp-content\/uploads\/2021\/11\/vue-4.jpg 1920w, http:\/\/abl.bzh\/wp-content\/uploads\/2021\/11\/vue-4-300x169.jpg 300w, http:\/\/abl.bzh\/wp-content\/uploads\/2021\/11\/vue-4-1024x576.jpg 1024w, http:\/\/abl.bzh\/wp-content\/uploads\/2021\/11\/vue-4-768x432.jpg 768w, http:\/\/abl.bzh\/wp-content\/uploads\/2021\/11\/vue-4-1536x864.jpg 1536w\" sizes=\"(max-width: 1920px) 100vw, 1920px\" \/><\/a>\n\t\t\t<\/div><\/figure><figure class='gallery-item'>\n\t\t\t<div class='gallery-icon landscape'>\n\t\t\t\t<a data-elementor-open-lightbox=\"yes\" data-elementor-lightbox-slideshow=\"yjfynex\" data-elementor-lightbox-title=\"Vues chateaulin 6\" data-e-action-hash=\"#elementor-action%3Aaction%3Dlightbox%26settings%3DeyJpZCI6MjE2LCJ1cmwiOiJodHRwOlwvXC9hYmwuYnpoXC93cC1jb250ZW50XC91cGxvYWRzXC8yMDIxXC8xMVwvVnVlcy1jaGF0ZWF1bGluLTYuanBnIiwic2xpZGVzaG93IjoieWpmeW5leCJ9\" href='http:\/\/abl.bzh\/wp-content\/uploads\/2021\/11\/Vues-chateaulin-6.jpg'><img loading=\"lazy\" decoding=\"async\" width=\"1920\" height=\"1080\" src=\"http:\/\/abl.bzh\/wp-content\/uploads\/2021\/11\/Vues-chateaulin-6.jpg\" class=\"attachment-ocean_insta_square size-ocean_insta_square\" alt=\"\" srcset=\"http:\/\/abl.bzh\/wp-content\/uploads\/2021\/11\/Vues-chateaulin-6.jpg 1920w, http:\/\/abl.bzh\/wp-content\/uploads\/2021\/11\/Vues-chateaulin-6-300x169.jpg 300w, http:\/\/abl.bzh\/wp-content\/uploads\/2021\/11\/Vues-chateaulin-6-1024x576.jpg 1024w, http:\/\/abl.bzh\/wp-content\/uploads\/2021\/11\/Vues-chateaulin-6-768x432.jpg 768w, http:\/\/abl.bzh\/wp-content\/uploads\/2021\/11\/Vues-chateaulin-6-1536x864.jpg 1536w\" sizes=\"(max-width: 1920px) 100vw, 1920px\" \/><\/a>\n\t\t\t<\/div><\/figure><figure class='gallery-item'>\n\t\t\t<div class='gallery-icon landscape'>\n\t\t\t\t<a data-elementor-open-lightbox=\"yes\" data-elementor-lightbox-slideshow=\"yjfynex\" data-elementor-lightbox-title=\"mise en avant recadr\u00e9\" data-e-action-hash=\"#elementor-action%3Aaction%3Dlightbox%26settings%3DeyJpZCI6MjE3LCJ1cmwiOiJodHRwOlwvXC9hYmwuYnpoXC93cC1jb250ZW50XC91cGxvYWRzXC8yMDIxXC8xMVwvbWlzZS1lbi1hdmFudC1yZWNhZHJlLmpwZyIsInNsaWRlc2hvdyI6InlqZnluZXgifQ%3D%3D\" href='http:\/\/abl.bzh\/wp-content\/uploads\/2021\/11\/mise-en-avant-recadre.jpg'><img loading=\"lazy\" decoding=\"async\" width=\"1920\" height=\"1080\" src=\"http:\/\/abl.bzh\/wp-content\/uploads\/2021\/11\/mise-en-avant-recadre.jpg\" class=\"attachment-ocean_insta_square size-ocean_insta_square\" alt=\"\" srcset=\"http:\/\/abl.bzh\/wp-content\/uploads\/2021\/11\/mise-en-avant-recadre.jpg 1920w, http:\/\/abl.bzh\/wp-content\/uploads\/2021\/11\/mise-en-avant-recadre-300x169.jpg 300w, http:\/\/abl.bzh\/wp-content\/uploads\/2021\/11\/mise-en-avant-recadre-1024x576.jpg 1024w, http:\/\/abl.bzh\/wp-content\/uploads\/2021\/11\/mise-en-avant-recadre-768x432.jpg 768w, http:\/\/abl.bzh\/wp-content\/uploads\/2021\/11\/mise-en-avant-recadre-1536x864.jpg 1536w\" sizes=\"(max-width: 1920px) 100vw, 1920px\" \/><\/a>\n\t\t\t<\/div><\/figure>\n\t\t<\/div>\n\t\t<\/div>\n\t\t\t\t\t\t<\/div>\n\t\t\t\t<\/div>\n\t\t\t\t\t<\/div>\n\t\t<\/div>\n\t\t\t\t\t<\/div>\n\t\t<\/section>\n\t\t\t\t<section class=\"elementor-section elementor-top-section elementor-element elementor-element-f923501 elementor-section-boxed elementor-section-height-default elementor-section-height-default\" data-id=\"f923501\" data-element_type=\"section\" data-e-type=\"section\">\n\t\t\t\t\t\t<div class=\"elementor-container elementor-column-gap-default\">\n\t\t\t\t\t<div class=\"elementor-column elementor-col-100 elementor-top-column elementor-element elementor-element-c498e10\" data-id=\"c498e10\" data-element_type=\"column\" data-e-type=\"column\">\n\t\t\t<div class=\"elementor-widget-wrap elementor-element-populated\">\n\t\t\t\t\t\t<div class=\"elementor-element elementor-element-8601317 elementor-widget elementor-widget-heading\" data-id=\"8601317\" data-element_type=\"widget\" data-e-type=\"widget\" data-widget_type=\"heading.default\">\n\t\t\t\t<div class=\"elementor-widget-container\">\n\t\t\t\t\t<h2 class=\"elementor-heading-title elementor-size-default\">* Certains des projets pr\u00e9sent\u00e9s ici ont \u00e9t\u00e9 r\u00e9alis\u00e9s par Mathieu Barr\u00e9 au nom de l'Atelier Michel Chateau<\/h2>\t\t\t\t<\/div>\n\t\t\t\t<\/div>\n\t\t\t\t\t<\/div>\n\t\t<\/div>\n\t\t\t\t\t<\/div>\n\t\t<\/section>\n\t\t\t\t<\/div>\n\t\t","protected":false},"excerpt":{"rendered":"<p>Atelier Barr\u00e9-LaurentArchitecture et Paysage Conception de projets \u00e0 votre image dans l&rsquo;Ouest Galerie de projets* * Certains des projets pr\u00e9sent\u00e9s ici ont \u00e9t\u00e9 r\u00e9alis\u00e9s par Mathieu Barr\u00e9 au nom de l&rsquo;Atelier Michel Chateau<\/p>\n","protected":false},"author":1,"featured_media":0,"parent":0,"menu_order":0,"comment_status":"closed","ping_status":"closed","template":"","meta":{"ocean_post_layout":"full-screen","ocean_both_sidebars_style":"","ocean_both_sidebars_content_width":0,"ocean_both_sidebars_sidebars_width":0,"ocean_sidebar":"0","ocean_second_sidebar":"0","ocean_disable_margins":"on","ocean_add_body_class":"","ocean_shortcode_before_top_bar":"","ocean_shortcode_after_top_bar":"","ocean_shortcode_before_header":"","ocean_shortcode_after_header":"","ocean_has_shortcode":"","ocean_shortcode_after_title":"","ocean_shortcode_before_footer_widgets":"","ocean_shortcode_after_footer_widgets":"","ocean_shortcode_before_footer_bottom":"","ocean_shortcode_after_footer_bottom":"","ocean_display_top_bar":"default","ocean_display_header":"default","ocean_header_style":"minimal","ocean_center_header_left_menu":"0","ocean_custom_header_template":"0","ocean_custom_logo":0,"ocean_custom_retina_logo":0,"ocean_custom_logo_max_width":0,"ocean_custom_logo_tablet_max_width":0,"ocean_custom_logo_mobile_max_width":0,"ocean_custom_logo_max_height":0,"ocean_custom_logo_tablet_max_height":0,"ocean_custom_logo_mobile_max_height":0,"ocean_header_custom_menu":"0","ocean_menu_typo_font_family":"0","ocean_menu_typo_font_subset":"","ocean_menu_typo_font_size":0,"ocean_menu_typo_font_size_tablet":0,"ocean_menu_typo_font_size_mobile":0,"ocean_menu_typo_font_size_unit":"px","ocean_menu_typo_font_weight":"","ocean_menu_typo_font_weight_tablet":"","ocean_menu_typo_font_weight_mobile":"","ocean_menu_typo_transform":"","ocean_menu_typo_transform_tablet":"","ocean_menu_typo_transform_mobile":"","ocean_menu_typo_line_height":0,"ocean_menu_typo_line_height_tablet":0,"ocean_menu_typo_line_height_mobile":0,"ocean_menu_typo_line_height_unit":"","ocean_menu_typo_spacing":0,"ocean_menu_typo_spacing_tablet":0,"ocean_menu_typo_spacing_mobile":0,"ocean_menu_typo_spacing_unit":"","ocean_menu_link_color":"","ocean_menu_link_color_hover":"","ocean_menu_link_color_active":"","ocean_menu_link_background":"","ocean_menu_link_hover_background":"","ocean_menu_link_active_background":"","ocean_menu_social_links_bg":"","ocean_menu_social_hover_links_bg":"","ocean_menu_social_links_color":"","ocean_menu_social_hover_links_color":"","ocean_disable_title":"on","ocean_disable_heading":"default","ocean_post_title":"","ocean_post_subheading":"","ocean_post_title_style":"","ocean_post_title_background_color":"","ocean_post_title_background":0,"ocean_post_title_bg_image_position":"","ocean_post_title_bg_image_attachment":"","ocean_post_title_bg_image_repeat":"","ocean_post_title_bg_image_size":"","ocean_post_title_height":0,"ocean_post_title_bg_overlay":0.5,"ocean_post_title_bg_overlay_color":"","ocean_disable_breadcrumbs":"default","ocean_breadcrumbs_color":"","ocean_breadcrumbs_separator_color":"","ocean_breadcrumbs_links_color":"","ocean_breadcrumbs_links_hover_color":"","ocean_display_footer_widgets":"default","ocean_display_footer_bottom":"default","ocean_custom_footer_template":"0","footnotes":""},"class_list":["post-8","page","type-page","status-publish","hentry","entry"],"_links":{"self":[{"href":"https:\/\/abl.bzh\/index.php\/wp-json\/wp\/v2\/pages\/8","targetHints":{"allow":["GET"]}}],"collection":[{"href":"https:\/\/abl.bzh\/index.php\/wp-json\/wp\/v2\/pages"}],"about":[{"href":"https:\/\/abl.bzh\/index.php\/wp-json\/wp\/v2\/types\/page"}],"author":[{"embeddable":true,"href":"https:\/\/abl.bzh\/index.php\/wp-json\/wp\/v2\/users\/1"}],"replies":[{"embeddable":true,"href":"https:\/\/abl.bzh\/index.php\/wp-json\/wp\/v2\/comments?post=8"}],"version-history":[{"count":29,"href":"https:\/\/abl.bzh\/index.php\/wp-json\/wp\/v2\/pages\/8\/revisions"}],"predecessor-version":[{"id":659,"href":"https:\/\/abl.bzh\/index.php\/wp-json\/wp\/v2\/pages\/8\/revisions\/659"}],"wp:attachment":[{"href":"https:\/\/abl.bzh\/index.php\/wp-json\/wp\/v2\/media?parent=8"}],"curies":[{"name":"wp","href":"https:\/\/api.w.org\/{rel}","templated":true}]}}